{"id":247,"date":"2024-11-27T13:10:33","date_gmt":"2024-11-27T11:10:33","guid":{"rendered":"https:\/\/cetrium.towari.fi\/cetrium\/"},"modified":"2024-12-19T19:22:18","modified_gmt":"2024-12-19T17:22:18","slug":"cetrium","status":"publish","type":"page","link":"https:\/\/cetrium.towari.fi\/en\/","title":{"rendered":"Cetrium"},"content":{"rendered":"<p>[et_pb_section fb_built=&#8221;1&#8243; admin_label=&#8221;Header&#8221; module_class=&#8221;hero&#8211;section&#8221; _builder_version=&#8221;4.27.3&#8243; _module_preset=&#8221;default&#8221; use_background_color_gradient=&#8221;on&#8221; background_color_gradient_stops=&#8221;rgba(242,240,235,0.8) 0%|rgba(15,77,63,0) 100%&#8221; background_color_gradient_overlays_image=&#8221;on&#8221; background_image=&#8221;\/wp-content\/uploads\/2024\/11\/Cetrium-Building-the-Green-Transition-together.jpg&#8221; hover_enabled=&#8221;0&#8243; locked=&#8221;off&#8221; collapsed=&#8221;off&#8221; global_colors_info=&#8221;{}&#8221; sticky_enabled=&#8221;0&#8243;][et_pb_row module_class=&#8221;hero&#8211;row pt&#8211;0 pb&#8211;0&#8243; _builder_version=&#8221;4.27.3&#8243; _module_preset=&#8221;default&#8221; global_colors_info=&#8221;{}&#8221;][et_pb_column type=&#8221;4_4&#8243; _builder_version=&#8221;4.27.3&#8243; _module_preset=&#8221;default&#8221; global_colors_info=&#8221;{}&#8221;][et_pb_text admin_label=&#8221;Yhteisty\u00f6ss\u00e4:&#8221; module_class=&#8221;text&#8211;center&#8221; _builder_version=&#8221;4.27.3&#8243; _module_preset=&#8221;default&#8221; global_colors_info=&#8221;{}&#8221;]<\/p>\n<h3>In cooperation with:<\/h3>\n<p>[\/et_pb_text][\/et_pb_column][\/et_pb_row][et_pb_row column_structure=&#8221;1_2,1_2&#8243; module_class=&#8221;hero&#8211;row width&#8211;600 pt&#8211;0 pb&#8211;0&#8243; _builder_version=&#8221;4.27.3&#8243; _module_preset=&#8221;default&#8221; global_colors_info=&#8221;{}&#8221;][et_pb_column type=&#8221;1_2&#8243; _builder_version=&#8221;4.27.3&#8243; _module_preset=&#8221;default&#8221; global_colors_info=&#8221;{}&#8221;][et_pb_image src=&#8221;https:\/\/cetrium.towari.fi\/wp-content\/uploads\/2024\/12\/Infener-nordics-logo-dark.png&#8221; title_text=&#8221;Infener-nordics-logo-dark&#8221; module_class=&#8221;company&#8211;logo&#8221; _builder_version=&#8221;4.27.3&#8243; _module_preset=&#8221;default&#8221; module_alignment_tablet=&#8221;center&#8221; module_alignment_phone=&#8221;center&#8221; module_alignment_last_edited=&#8221;on|tablet&#8221; global_colors_info=&#8221;{}&#8221;][\/et_pb_image][\/et_pb_column][et_pb_column type=&#8221;1_2&#8243; _builder_version=&#8221;4.27.3&#8243; _module_preset=&#8221;default&#8221; global_colors_info=&#8221;{}&#8221;][et_pb_image src=&#8221;https:\/\/cetrium.towari.fi\/wp-content\/uploads\/2024\/12\/NEI-logo.png&#8221; title_text=&#8221;NEI logo&#8221; module_class=&#8221;company&#8211;logo&#8221; _builder_version=&#8221;4.27.3&#8243; _module_preset=&#8221;default&#8221; module_alignment_tablet=&#8221;center&#8221; module_alignment_phone=&#8221;center&#8221; module_alignment_last_edited=&#8221;on|tablet&#8221; global_colors_info=&#8221;{}&#8221;][\/et_pb_image][\/et_pb_column][\/et_pb_row][et_pb_row module_class=&#8221;hero&#8211;row&#8221; _builder_version=&#8221;4.27.3&#8243; _module_preset=&#8221;default&#8221; global_colors_info=&#8221;{}&#8221;][et_pb_column type=&#8221;4_4&#8243; _builder_version=&#8221;4.22.0&#8243; _module_preset=&#8221;default&#8221; global_colors_info=&#8221;{}&#8221;][et_pb_text admin_label=&#8221;Yhdess\u00e4 vihre\u00e4n siirtym\u00e4n edell\u00e4k\u00e4vij\u00f6in\u00e4&#8221; _builder_version=&#8221;4.27.3&#8243; _module_preset=&#8221;_initial&#8221; global_colors_info=&#8221;{}&#8221;]<\/p>\n<h1>Vihre\u00e4n siirtym\u00e4n visioiden toteuttaja<\/h1>\n<h2>Suunnitelmista konkreettisiin tekoihin<\/h2>\n<p>[\/et_pb_text][et_pb_text admin_label=&#8221;Cetrium-nimi juontaa juurensa latinan sanasta Cetra&#8230;&#8221; _builder_version=&#8221;4.27.3&#8243; _module_preset=&#8221;_initial&#8221; global_colors_info=&#8221;{}&#8221;]Tarjoamme toimivat teknologiat osa- ja kokonaisratkaisuihin vetyenergian, aurinko- ja tuulivoiman tuottamiseen sek\u00e4 energian tuotannon tehokkuuden optimoiviin seuraavan sukupolven varastointij\u00e4rjestelmiin. Mik\u00e4li etsit kumppania rakentamaan yhdess\u00e4 kest\u00e4v\u00e4mp\u00e4\u00e4 ja vahvempaa tulevaisuutta, tavataan![\/et_pb_text][et_pb_button button_url=&#8221;#ota-yhteytta&#8221; button_text=&#8221;Yhdess\u00e4 eteenp\u00e4in&#8221; button_alignment=&#8221;center&#8221; _builder_version=&#8221;4.27.3&#8243; _module_preset=&#8221;_initial&#8221; global_colors_info=&#8221;{}&#8221;][\/et_pb_button][\/et_pb_column][\/et_pb_row][\/et_pb_section][et_pb_section fb_built=&#8221;1&#8243; admin_label=&#8221;The challenge&#8221; module_class=&#8221;content&#8211;section&#8221; _builder_version=&#8221;4.27.3&#8243; _module_preset=&#8221;default&#8221; locked=&#8221;off&#8221; collapsed=&#8221;off&#8221; global_colors_info=&#8221;{}&#8221;][et_pb_row column_structure=&#8221;1_3,1_3,1_3&#8243; module_class=&#8221;content&#8211;row width&#8211;1400&#8243; _builder_version=&#8221;4.27.3&#8243; _module_preset=&#8221;default&#8221; global_colors_info=&#8221;{}&#8221;][et_pb_column type=&#8221;1_3&#8243; _builder_version=&#8221;4.22.0&#8243; _module_preset=&#8221;default&#8221; global_colors_info=&#8221;{}&#8221;][et_pb_text admin_label=&#8221;Ratkaisemassa vihre\u00e4n siirtym\u00e4n haasteita&#8221; _builder_version=&#8221;4.27.3&#8243; _module_preset=&#8221;_initial&#8221; global_colors_info=&#8221;{}&#8221;]<\/p>\n<h2>Tackling the Challenges of the Green Transition<\/h2>\n<p>[\/et_pb_text][et_pb_text admin_label=&#8221;Uusiutuvaan energiaan siirtyminen on unelma, jonka tavoittelu&#8230;&#8221; _builder_version=&#8221;4.27.3&#8243; _module_preset=&#8221;default&#8221; global_colors_info=&#8221;{}&#8221;]Uusiutuvaan energiaan siirtyminen vaatii monien haasteiden ratkaisemista yht\u00e4aikaa. On osattava niin erilaiset hallinnolliset asiat luvituksesta kuin tarvittavien teknologioiden rakentaminen, k\u00e4ytt\u00f6 sek\u00e4 huolto. Me uskomme kokemuksemme my\u00f6t\u00e4  lujasti siihen, ett\u00e4 ratkaisut voivat olla yht\u00e4 aikaa kunnianhimoisia ja konkreettisen toimivia. Cetriumilla ymm\u00e4rr\u00e4mme, kuinka t\u00e4rke\u00e4\u00e4 on yhdist\u00e4\u00e4 Infrastruktuuri ja asiantunteva projektiosaaminen kokonaisvaltaisiksi ratkaisuiksi.[\/et_pb_text][et_pb_button button_url=&#8221;#ota-yhteytta&#8221; button_text=&#8221;Let\u2019s Build the Future Together&#8221; _builder_version=&#8221;4.27.3&#8243; _module_preset=&#8221;_initial&#8221; custom_padding=&#8221;16px|32px|16px|32px|true|true&#8221; global_colors_info=&#8221;{}&#8221;][\/et_pb_button][\/et_pb_column][et_pb_column type=&#8221;1_3&#8243; _builder_version=&#8221;4.22.0&#8243; _module_preset=&#8221;default&#8221; global_colors_info=&#8221;{}&#8221;][et_pb_text admin_label=&#8221;Infrastruktuuri ja k\u00e4ytt\u00f6\u00f6notto&#8221; module_class=&#8221;mb&#8211;0 &#8221; _builder_version=&#8221;4.27.3&#8243; _module_preset=&#8221;_initial&#8221; global_colors_info=&#8221;{}&#8221;]<\/p>\n<h5>Infrastructure and Setup<\/h5>\n<p>[\/et_pb_text][et_pb_text admin_label=&#8221;Tulevaisuuden vahvojen j\u00e4rjestelmien rakentaminen&#8230;&#8221; _builder_version=&#8221;4.27.3&#8243; _module_preset=&#8221;_initial&#8221; global_colors_info=&#8221;{}&#8221;]Building robust systems to power the future demands precision, expertise, and grit \u2013 \u201diron hands and steel minds.[\/et_pb_text][et_pb_text admin_label=&#8221;Asiantuntevaa ohjausta&#8221; module_class=&#8221;mb&#8211;0 &#8221; _builder_version=&#8221;4.27.3&#8243; _module_preset=&#8221;_initial&#8221; global_colors_info=&#8221;{}&#8221;]<\/p>\n<h5>Expert guidance<\/h5>\n<p>[\/et_pb_text][et_pb_text admin_label=&#8221;Asiantuntijamme auttavat sinua ymp\u00e4rist\u00f6lupien&#8230;&#8221; _builder_version=&#8221;4.27.3&#8243; _module_preset=&#8221;_initial&#8221; global_colors_info=&#8221;{}&#8221;]Our specialists help you navigate environmental permits, production setups, and regulatory challenges.[\/et_pb_text][et_pb_text admin_label=&#8221;Kattavat ratkaisut&#8221; module_class=&#8221;mb&#8211;0 &#8221; _builder_version=&#8221;4.27.3&#8243; _module_preset=&#8221;_initial&#8221; global_colors_info=&#8221;{}&#8221;]<\/p>\n<h5>Comprehensive solutions<\/h5>\n<p>[\/et_pb_text][et_pb_text admin_label=&#8221;Olipa kyseess\u00e4 tuuli-, aurinko-, vetyenergia tai edistyneet&#8230;&#8221; _builder_version=&#8221;4.27.3&#8243; _module_preset=&#8221;_initial&#8221; global_colors_info=&#8221;{}&#8221;]Whether it\u2019s wind, solar, hydrogen, or advanced storage, we provide end-to-end support for every phase of your project.[\/et_pb_text][\/et_pb_column][et_pb_column type=&#8221;1_3&#8243; _builder_version=&#8221;4.22.0&#8243; _module_preset=&#8221;default&#8221; global_colors_info=&#8221;{}&#8221;][et_pb_image src=&#8221;\/wp-content\/uploads\/2024\/11\/Cetrium-Tackling-the-challenges-of-green-transition.jpg&#8221; alt=&#8221;Cetrium &#8211; Tackling the challenges of green transition.&#8221; _builder_version=&#8221;4.27.3&#8243; _module_preset=&#8221;default&#8221; border_radii=&#8221;on|30px|30px|30px|30px&#8221; global_colors_info=&#8221;{}&#8221;][\/et_pb_image][\/et_pb_column][\/et_pb_row][\/et_pb_section][et_pb_section fb_built=&#8221;1&#8243; admin_label=&#8221;Our solution&#8221; module_class=&#8221;content&#8211;section pt&#8211;0&#8243; _builder_version=&#8221;4.27.3&#8243; _module_preset=&#8221;default&#8221; collapsed=&#8221;off&#8221; global_colors_info=&#8221;{}&#8221;][et_pb_row column_structure=&#8221;1_2,1_2&#8243; make_equal=&#8221;on&#8221; module_class=&#8221;content&#8211;row width&#8211;1400 custom_row&#8221; _builder_version=&#8221;4.27.3&#8243; _module_preset=&#8221;default&#8221; global_colors_info=&#8221;{}&#8221;][et_pb_column type=&#8221;1_2&#8243; module_class=&#8221;second-on-mobile&#8221; _builder_version=&#8221;4.27.3&#8243; _module_preset=&#8221;default&#8221; global_colors_info=&#8221;{}&#8221;][et_pb_image src=&#8221;\/wp-content\/uploads\/2024\/11\/Cetrium-Innovative-Solutions-for-a-Green-Future.jpg&#8221; alt=&#8221;Cetrium &#8211; Innovative Solutions for a Green Future&#8221; force_fullwidth=&#8221;on&#8221; _builder_version=&#8221;4.27.3&#8243; _module_preset=&#8221;default&#8221; scroll_horizontal_motion_enable=&#8221;on&#8221; scroll_horizontal_motion=&#8221;0|70|70|100|0.3|0|0&#8243; motion_trigger_start=&#8221;top&#8221; border_radii=&#8221;on|30px|30px|30px|30px&#8221; locked=&#8221;off&#8221; global_colors_info=&#8221;{}&#8221;][\/et_pb_image][\/et_pb_column][et_pb_column type=&#8221;1_2&#8243; module_class=&#8221;col&#8211;with&#8211;bg&#8211;padding bg&#8211;quartiary first-on-mobile&#8221; _builder_version=&#8221;4.27.3&#8243; _module_preset=&#8221;default&#8221; background_enable_color=&#8221;off&#8221; global_colors_info=&#8221;{%22gcid-a93f2103-1d8b-43bb-b21d-81d84bba8b15%22:%91%22background_color%22%93}&#8221;][et_pb_text admin_label=&#8221;Innovatiivisia ratkaisuja vihre\u00e4\u00e4n tulevaisuuteen&#8221; _builder_version=&#8221;4.27.3&#8243; _module_preset=&#8221;_initial&#8221; locked=&#8221;off&#8221; global_colors_info=&#8221;{}&#8221;]<\/p>\n<h2>Innovative Solutions for a Green Future<\/h2>\n<h5>Experience, Expertise, and Innovation Working for You<\/h5>\n<p>[\/et_pb_text][et_pb_text admin_label=&#8221;Cetrium on kumppanisi kest\u00e4v\u00e4n tulevaisuuden rakentamisessa&#8230;&#8221; _builder_version=&#8221;4.27.3&#8243; _module_preset=&#8221;_initial&#8221; locked=&#8221;off&#8221; global_colors_info=&#8221;{}&#8221;]At Cetrium, we\u2019re your partners in shaping a sustainable future. From securing environmental permits to full-scale builds, service, and maintenance, we simplify the complexities of renewable energy projects. With decades of expertise and an extensive stakeholder network, we ensure seamless collaboration across all phases of your project.<\/p>\n<p>Our focus spans hydrogen energy, solar, wind, and next-generation energy storage systems\u2014delivering innovative solutions tailored to your needs.[\/et_pb_text][et_pb_button button_url=&#8221;#ota-yhteytta&#8221; button_text=&#8221;Ota yhteytt\u00e4&#8221; _builder_version=&#8221;4.27.3&#8243; _module_preset=&#8221;_initial&#8221; locked=&#8221;off&#8221; global_colors_info=&#8221;{}&#8221;][\/et_pb_button][\/et_pb_column][\/et_pb_row][\/et_pb_section][et_pb_section fb_built=&#8221;1&#8243; admin_label=&#8221;Our Impact&#8221; module_class=&#8221;content&#8211;section pt&#8211;0&#8243; _builder_version=&#8221;4.27.3&#8243; _module_preset=&#8221;default&#8221; collapsed=&#8221;off&#8221; global_colors_info=&#8221;{}&#8221;][et_pb_row column_structure=&#8221;1_2,1_2&#8243; make_equal=&#8221;on&#8221; module_class=&#8221;content&#8211;row width&#8211;1400 pt&#8211;0&#8243; _builder_version=&#8221;4.27.3&#8243; _module_preset=&#8221;default&#8221; global_colors_info=&#8221;{}&#8221;][et_pb_column type=&#8221;1_2&#8243; module_class=&#8221;col&#8211;with&#8211;bg&#8211;padding bg&#8211;quartiary&#8221; _builder_version=&#8221;4.27.3&#8243; _module_preset=&#8221;default&#8221; global_colors_info=&#8221;{}&#8221;][et_pb_text admin_label=&#8221;Muovaamassa kest\u00e4v\u00e4\u00e4 ja vahvaa tulevaisuutta&#8221; _builder_version=&#8221;4.27.3&#8243; _module_preset=&#8221;_initial&#8221; locked=&#8221;off&#8221; global_colors_info=&#8221;{}&#8221;]<\/p>\n<h2>Shaping a Sustainable and Resilient Future<\/h2>\n<h5>Building a Legacy for Future Generations<\/h5>\n<p>[\/et_pb_text][et_pb_text admin_label=&#8221;Kest\u00e4vyys on kaiken tekemisemme ytimess\u00e4 Cetriumilla&#8230;&#8221; _builder_version=&#8221;4.27.3&#8243; _module_preset=&#8221;_initial&#8221; locked=&#8221;off&#8221; global_colors_info=&#8221;{}&#8221;]Kest\u00e4vyys on kaiken tekemisemme ytimess\u00e4 Cetriumilla. Yhdess\u00e4 voimme varmistaa, ett\u00e4 seuraavat sukupolvet periv\u00e4t muutakin kuin unelmia.  Missiomme ulottuu innovatiivisten energiaratkaisujen toimittamista pidemm\u00e4lle \u2013 tavoitteenamme on j\u00e4tt\u00e4\u00e4 pysyv\u00e4 perint\u00f6. [\/et_pb_text][et_pb_button button_url=&#8221;#ota-yhteytta&#8221; button_text=&#8221;Rakennetaan kest\u00e4v\u00e4\u00e4 tulevaisuutta&#8221; _builder_version=&#8221;4.27.3&#8243; _module_preset=&#8221;_initial&#8221; locked=&#8221;off&#8221; global_colors_info=&#8221;{}&#8221;][\/et_pb_button][\/et_pb_column][et_pb_column type=&#8221;1_2&#8243; _builder_version=&#8221;4.27.3&#8243; _module_preset=&#8221;default&#8221; background_enable_color=&#8221;off&#8221; global_colors_info=&#8221;{%22gcid-a93f2103-1d8b-43bb-b21d-81d84bba8b15%22:%91%22background_color%22%93}&#8221;][et_pb_image src=&#8221;https:\/\/cetrium.towari.fi\/wp-content\/uploads\/2024\/12\/Infener-vetyterminaali.jpg&#8221; alt=&#8221;Infener vetyterminaali&#8221; title_text=&#8221;Infener vetyterminaali&#8221; force_fullwidth=&#8221;on&#8221; _builder_version=&#8221;4.27.3&#8243; _module_preset=&#8221;default&#8221; scroll_horizontal_motion_enable=&#8221;on&#8221; scroll_horizontal_motion=&#8221;0|70|70|100|0.3|0|0&#8243; motion_trigger_start=&#8221;top&#8221; border_radii=&#8221;on|30px|30px|30px|30px&#8221; locked=&#8221;off&#8221; global_colors_info=&#8221;{}&#8221;][\/et_pb_image][\/et_pb_column][\/et_pb_row][\/et_pb_section][et_pb_section fb_built=&#8221;1&#8243; admin_label=&#8221;Call to action&#8221; module_class=&#8221;content&#8211;section pt&#8211;0&#8243; _builder_version=&#8221;4.27.3&#8243; _module_preset=&#8221;default&#8221; collapsed=&#8221;off&#8221; global_colors_info=&#8221;{}&#8221;][et_pb_row module_class=&#8221;content&#8211;row width&#8211;800 pb&#8211;0&#8243; _builder_version=&#8221;4.27.3&#8243; _module_preset=&#8221;default&#8221; locked=&#8221;off&#8221; global_colors_info=&#8221;{}&#8221;][et_pb_column type=&#8221;4_4&#8243; _builder_version=&#8221;4.22.0&#8243; _module_preset=&#8221;default&#8221; global_colors_info=&#8221;{}&#8221;][et_pb_text admin_label=&#8221;Valmis rakentamaan vihre\u00e4mp\u00e4\u00e4 tulevaisuutta?&#8221; module_class=&#8221;text&#8211;center&#8221; _builder_version=&#8221;4.27.3&#8243; _module_preset=&#8221;_initial&#8221; global_colors_info=&#8221;{}&#8221;]<\/p>\n<h2>Ready to Build a Greener Future?<\/h2>\n<p>[\/et_pb_text][\/et_pb_column][\/et_pb_row][et_pb_row module_class=&#8221;content&#8211;row width&#8211;800 pt&#8211;0&#8243; _builder_version=&#8221;4.27.3&#8243; _module_preset=&#8221;default&#8221; locked=&#8221;off&#8221; global_colors_info=&#8221;{}&#8221;][et_pb_column type=&#8221;4_4&#8243; _builder_version=&#8221;4.22.0&#8243; _module_preset=&#8221;default&#8221; global_colors_info=&#8221;{}&#8221;][et_pb_text admin_label=&#8221;Cetriumilla emme ole vain asiantuntijoita&#8230;&#8221; module_class=&#8221;text&#8211;center&#8221; _builder_version=&#8221;4.27.3&#8243; _module_preset=&#8221;default&#8221; global_colors_info=&#8221;{}&#8221;]Asiantuntijuus, teknologiat ja projektiosaaminen antavat meille edellytykset olla kumppanisi turvallisten ja kest\u00e4vien ratkaisujen luomisessa vihre\u00e4n siirtym\u00e4n tueksi. Kerromme mielell\u00e4mme lis\u00e4\u00e4 ja ennen kaikkea haluamme kuulla, mihin teid\u00e4n alueenne haluaa pyrki\u00e4.[\/et_pb_text][et_pb_button button_url=&#8221;#ota-yhteytta&#8221; button_text=&#8221;Tavataanko?&#8221; button_alignment=&#8221;center&#8221; _builder_version=&#8221;4.27.3&#8243; _module_preset=&#8221;default&#8221; global_colors_info=&#8221;{}&#8221;][\/et_pb_button][\/et_pb_column][\/et_pb_row][\/et_pb_section]<\/p>\n","protected":false},"excerpt":{"rendered":"<p>In cooperation with:Vihre\u00e4n siirtym\u00e4n visioiden toteuttaja Suunnitelmista konkreettisiin tekoihinTarjoamme toimivat teknologiat osa- ja kokonaisratkaisuihin vetyenergian, aurinko- ja tuulivoiman tuottamiseen sek\u00e4 energian tuotannon tehokkuuden optimoiviin seuraavan sukupolven varastointij\u00e4rjestelmiin. Mik\u00e4li etsit kumppania rakentamaan yhdess\u00e4 kest\u00e4v\u00e4mp\u00e4\u00e4 ja vahvempaa tulevaisuutta, tavataan!Tackling the Challenges of the Green TransitionUusiutuvaan energiaan siirtyminen vaatii monien haasteiden ratkaisemista yht\u00e4aikaa. On osattava niin erilaiset hallinnolliset [&hellip;]<\/p>\n","protected":false},"author":1,"featured_media":0,"parent":0,"menu_order":0,"comment_status":"closed","ping_status":"closed","template":"","meta":{"_et_pb_use_builder":"on","_et_pb_old_content":"","_et_gb_content_width":"","footnotes":""},"class_list":["post-247","page","type-page","status-publish","hentry"],"yoast_head":"<!-- This site is optimized with the Yoast SEO plugin v23.9 - https:\/\/yoast.com\/wordpress\/plugins\/seo\/ -->\n<title>Cetrium - Cetrium<\/title>\n<meta name=\"robots\" content=\"index, follow, max-snippet:-1, max-image-preview:large, max-video-preview:-1\" \/>\n<link rel=\"canonical\" href=\"https:\/\/cetrium.towari.fi\/en\/\" \/>\n<meta property=\"og:locale\" content=\"en_US\" \/>\n<meta property=\"og:type\" content=\"article\" \/>\n<meta property=\"og:title\" content=\"Cetrium - Cetrium\" \/>\n<meta property=\"og:description\" content=\"In cooperation with:Vihre\u00e4n siirtym\u00e4n visioiden toteuttaja Suunnitelmista konkreettisiin tekoihinTarjoamme toimivat teknologiat osa- ja kokonaisratkaisuihin vetyenergian, aurinko- ja tuulivoiman tuottamiseen sek\u00e4 energian tuotannon tehokkuuden optimoiviin seuraavan sukupolven varastointij\u00e4rjestelmiin. Mik\u00e4li etsit kumppania rakentamaan yhdess\u00e4 kest\u00e4v\u00e4mp\u00e4\u00e4 ja vahvempaa tulevaisuutta, tavataan!Tackling the Challenges of the Green TransitionUusiutuvaan energiaan siirtyminen vaatii monien haasteiden ratkaisemista yht\u00e4aikaa. On osattava niin erilaiset hallinnolliset [&hellip;]\" \/>\n<meta property=\"og:url\" content=\"https:\/\/cetrium.towari.fi\/en\/\" \/>\n<meta property=\"og:site_name\" content=\"Cetrium\" \/>\n<meta property=\"article:modified_time\" content=\"2024-12-19T17:22:18+00:00\" \/>\n<meta name=\"twitter:card\" content=\"summary_large_image\" \/>\n<meta name=\"twitter:label1\" content=\"Est. reading time\" \/>\n\t<meta name=\"twitter:data1\" content=\"4 minutes\" \/>\n<script type=\"application\/ld+json\" class=\"yoast-schema-graph\">{\"@context\":\"https:\/\/schema.org\",\"@graph\":[{\"@type\":\"WebPage\",\"@id\":\"https:\/\/cetrium.towari.fi\/en\/\",\"url\":\"https:\/\/cetrium.towari.fi\/en\/\",\"name\":\"Cetrium - Cetrium\",\"isPartOf\":{\"@id\":\"https:\/\/cetrium.towari.fi\/en\/#website\"},\"datePublished\":\"2024-11-27T11:10:33+00:00\",\"dateModified\":\"2024-12-19T17:22:18+00:00\",\"breadcrumb\":{\"@id\":\"https:\/\/cetrium.towari.fi\/en\/#breadcrumb\"},\"inLanguage\":\"en-US\",\"potentialAction\":[{\"@type\":\"ReadAction\",\"target\":[\"https:\/\/cetrium.towari.fi\/en\/\"]}]},{\"@type\":\"BreadcrumbList\",\"@id\":\"https:\/\/cetrium.towari.fi\/en\/#breadcrumb\",\"itemListElement\":[{\"@type\":\"ListItem\",\"position\":1,\"name\":\"Etusivu\",\"item\":\"https:\/\/cetrium.towari.fi\/en\/cetrium\/\"},{\"@type\":\"ListItem\",\"position\":2,\"name\":\"Cetrium\"}]},{\"@type\":\"WebSite\",\"@id\":\"https:\/\/cetrium.towari.fi\/en\/#website\",\"url\":\"https:\/\/cetrium.towari.fi\/en\/\",\"name\":\"Cetrium\",\"description\":\"\",\"potentialAction\":[{\"@type\":\"SearchAction\",\"target\":{\"@type\":\"EntryPoint\",\"urlTemplate\":\"https:\/\/cetrium.towari.fi\/en\/?s={search_term_string}\"},\"query-input\":{\"@type\":\"PropertyValueSpecification\",\"valueRequired\":true,\"valueName\":\"search_term_string\"}}],\"inLanguage\":\"en-US\"}]}<\/script>\n<!-- \/ Yoast SEO plugin. -->","yoast_head_json":{"title":"Cetrium - Cetrium","robots":{"index":"index","follow":"follow","max-snippet":"max-snippet:-1","max-image-preview":"max-image-preview:large","max-video-preview":"max-video-preview:-1"},"canonical":"https:\/\/cetrium.towari.fi\/en\/","og_locale":"en_US","og_type":"article","og_title":"Cetrium - Cetrium","og_description":"In cooperation with:Vihre\u00e4n siirtym\u00e4n visioiden toteuttaja Suunnitelmista konkreettisiin tekoihinTarjoamme toimivat teknologiat osa- ja kokonaisratkaisuihin vetyenergian, aurinko- ja tuulivoiman tuottamiseen sek\u00e4 energian tuotannon tehokkuuden optimoiviin seuraavan sukupolven varastointij\u00e4rjestelmiin. Mik\u00e4li etsit kumppania rakentamaan yhdess\u00e4 kest\u00e4v\u00e4mp\u00e4\u00e4 ja vahvempaa tulevaisuutta, tavataan!Tackling the Challenges of the Green TransitionUusiutuvaan energiaan siirtyminen vaatii monien haasteiden ratkaisemista yht\u00e4aikaa. On osattava niin erilaiset hallinnolliset [&hellip;]","og_url":"https:\/\/cetrium.towari.fi\/en\/","og_site_name":"Cetrium","article_modified_time":"2024-12-19T17:22:18+00:00","twitter_card":"summary_large_image","twitter_misc":{"Est. reading time":"4 minutes"},"schema":{"@context":"https:\/\/schema.org","@graph":[{"@type":"WebPage","@id":"https:\/\/cetrium.towari.fi\/en\/","url":"https:\/\/cetrium.towari.fi\/en\/","name":"Cetrium - Cetrium","isPartOf":{"@id":"https:\/\/cetrium.towari.fi\/en\/#website"},"datePublished":"2024-11-27T11:10:33+00:00","dateModified":"2024-12-19T17:22:18+00:00","breadcrumb":{"@id":"https:\/\/cetrium.towari.fi\/en\/#breadcrumb"},"inLanguage":"en-US","potentialAction":[{"@type":"ReadAction","target":["https:\/\/cetrium.towari.fi\/en\/"]}]},{"@type":"BreadcrumbList","@id":"https:\/\/cetrium.towari.fi\/en\/#breadcrumb","itemListElement":[{"@type":"ListItem","position":1,"name":"Etusivu","item":"https:\/\/cetrium.towari.fi\/en\/cetrium\/"},{"@type":"ListItem","position":2,"name":"Cetrium"}]},{"@type":"WebSite","@id":"https:\/\/cetrium.towari.fi\/en\/#website","url":"https:\/\/cetrium.towari.fi\/en\/","name":"Cetrium","description":"","potentialAction":[{"@type":"SearchAction","target":{"@type":"EntryPoint","urlTemplate":"https:\/\/cetrium.towari.fi\/en\/?s={search_term_string}"},"query-input":{"@type":"PropertyValueSpecification","valueRequired":true,"valueName":"search_term_string"}}],"inLanguage":"en-US"}]}},"_links":{"self":[{"href":"https:\/\/cetrium.towari.fi\/en\/wp-json\/wp\/v2\/pages\/247","targetHints":{"allow":["GET"]}}],"collection":[{"href":"https:\/\/cetrium.towari.fi\/en\/wp-json\/wp\/v2\/pages"}],"about":[{"href":"https:\/\/cetrium.towari.fi\/en\/wp-json\/wp\/v2\/types\/page"}],"author":[{"embeddable":true,"href":"https:\/\/cetrium.towari.fi\/en\/wp-json\/wp\/v2\/users\/1"}],"replies":[{"embeddable":true,"href":"https:\/\/cetrium.towari.fi\/en\/wp-json\/wp\/v2\/comments?post=247"}],"version-history":[{"count":5,"href":"https:\/\/cetrium.towari.fi\/en\/wp-json\/wp\/v2\/pages\/247\/revisions"}],"predecessor-version":[{"id":319,"href":"https:\/\/cetrium.towari.fi\/en\/wp-json\/wp\/v2\/pages\/247\/revisions\/319"}],"wp:attachment":[{"href":"https:\/\/cetrium.towari.fi\/en\/wp-json\/wp\/v2\/media?parent=247"}],"curies":[{"name":"wp","href":"https:\/\/api.w.org\/{rel}","templated":true}]}}